{"id":12865,"date":"2024-05-19T16:07:24","date_gmt":"2024-05-19T14:07:24","guid":{"rendered":"https:\/\/jasondailycruises.gr\/?post_type=product&#038;p=12865"},"modified":"2024-06-17T19:00:34","modified_gmt":"2024-06-17T17:00:34","slug":"crociera-privata-al-tramonto","status":"publish","type":"product","link":"https:\/\/staging.jasondailycruises.gr\/it\/prodotto\/crociera-privata-al-tramonto\/","title":{"rendered":"Crociera privata al tramonto"},"content":{"rendered":"<p><strong>Descrizione della CROCIERA:<\/strong><\/p>\n<p>Ti interessa una crociera pomeridiana al tramonto?<br \/>\nUna delle migliori attivit\u00e0 a Naxos \u00e8 guardare il tramonto mentre si \u00e8 con i propri cari in crociera attraverso il blu in continua evoluzione del Mar Egeo.<br \/>\nUnisciti a noi per un&#8217;esperienza spettacolare degustando il vino locale, mentre guardi la star del giorno sommergersi all&#8217;orizzonte infinito, decorando la natura con i suoi colori straordinari e unici.<br \/>\n\u00abJason\u00bb vi d\u00e0 l&#8217;opportunit\u00e0 di vedere la costa di Naxos, \u00e8 la scelta migliore per una festa pomeridiana.<\/p>\n<p>Si prega di indicare l&#8217;attivit\u00e0 e il numero stimato di ospiti, e altri dettagli relativi in modo da potervi fornire il miglior pacchetto charter possibile.<\/p>\n","protected":false},"excerpt":{"rendered":"<p>Ogni giorno<\/p>\n","protected":false},"featured_media":12866,"template":"","meta":{"_acf_changed":false,"site-sidebar-layout":"default","site-content-layout":"default","ast-site-content-layout":"default","site-content-style":"default","site-sidebar-style":"default","ast-global-header-display":"","ast-banner-title-visibility":"","ast-main-header-display":"","ast-hfb-above-header-display":"","ast-hfb-below-header-display":"","ast-hfb-mobile-header-display":"","site-post-title":"","ast-breadcrumbs-content":"","ast-featured-img":"","footer-sml-layout":"","ast-disable-related-posts":"","theme-transparent-header-meta":"default","adv-header-id-meta":"","stick-header-meta":"","header-above-stick-meta":"","header-main-stick-meta":"","header-below-stick-meta":"","astra-migrate-meta-layouts":"set","ast-page-background-enabled":"default","ast-page-background-meta":{"desktop":{"background-color":"var(--ast-global-color-4)","background-image":"","background-repeat":"repeat","background-position":"center center","background-size":"auto","background-attachment":"scroll","background-type":"","background-media":"","overlay-type":"","overlay-color":"","overlay-opacity":"","overlay-gradient":""},"tablet":{"background-color":"","background-image":"","background-repeat":"repeat","background-position":"center center","background-size":"auto","background-attachment":"scroll","background-type":"","background-media":"","overlay-type":"","overlay-color":"","overlay-opacity":"","overlay-gradient":""},"mobile":{"background-color":"","background-image":"","background-repeat":"repeat","background-position":"center center","background-size":"auto","background-attachment":"scroll","background-type":"","background-media":"","overlay-type":"","overlay-color":"","overlay-opacity":"","overlay-gradient":""}},"ast-content-background-meta":{"desktop":{"background-color":"var(--ast-global-color-5)","background-image":"","background-repeat":"repeat","background-position":"center center","background-size":"auto","background-attachment":"scroll","background-type":"","background-media":"","overlay-type":"","overlay-color":"","overlay-opacity":"","overlay-gradient":""},"tablet":{"background-color":"var(--ast-global-color-5)","background-image":"","background-repeat":"repeat","background-position":"center center","background-size":"auto","background-attachment":"scroll","background-type":"","background-media":"","overlay-type":"","overlay-color":"","overlay-opacity":"","overlay-gradient":""},"mobile":{"background-color":"var(--ast-global-color-5)","background-image":"","background-repeat":"repeat","background-position":"center center","background-size":"auto","background-attachment":"scroll","background-type":"","background-media":"","overlay-type":"","overlay-color":"","overlay-opacity":"","overlay-gradient":""}}},"product_brand":[],"product_cat":[119],"product_tag":[137],"class_list":{"0":"post-12865","1":"product","2":"type-product","3":"status-publish","4":"has-post-thumbnail","6":"product_cat-crociere","7":"product_tag-exclude-it","8":"desktop-align-left","9":"tablet-align-left","10":"mobile-align-left","12":"first","13":"instock","14":"virtual","15":"sold-individually","16":"purchasable","17":"product-type-booking"},"acf":[],"_links":{"self":[{"href":"https:\/\/staging.jasondailycruises.gr\/it\/wp-json\/wp\/v2\/product\/12865","targetHints":{"allow":["GET"]}}],"collection":[{"href":"https:\/\/staging.jasondailycruises.gr\/it\/wp-json\/wp\/v2\/product"}],"about":[{"href":"https:\/\/staging.jasondailycruises.gr\/it\/wp-json\/wp\/v2\/types\/product"}],"version-history":[{"count":0,"href":"https:\/\/staging.jasondailycruises.gr\/it\/wp-json\/wp\/v2\/product\/12865\/revisions"}],"wp:featuredmedia":[{"embeddable":true,"href":"https:\/\/staging.jasondailycruises.gr\/it\/wp-json\/wp\/v2\/media\/12866"}],"wp:attachment":[{"href":"https:\/\/staging.jasondailycruises.gr\/it\/wp-json\/wp\/v2\/media?parent=12865"}],"wp:term":[{"taxonomy":"product_brand","embeddable":true,"href":"https:\/\/staging.jasondailycruises.gr\/it\/wp-json\/wp\/v2\/product_brand?post=12865"},{"taxonomy":"product_cat","embeddable":true,"href":"https:\/\/staging.jasondailycruises.gr\/it\/wp-json\/wp\/v2\/product_cat?post=12865"},{"taxonomy":"product_tag","embeddable":true,"href":"https:\/\/staging.jasondailycruises.gr\/it\/wp-json\/wp\/v2\/product_tag?post=12865"}],"curies":[{"name":"wp","href":"https:\/\/api.w.org\/{rel}","templated":true}]}}