{"id":12896,"date":"2022-02-10T14:05:17","date_gmt":"2022-02-10T12:05:17","guid":{"rendered":"https:\/\/jasondailycruises.gr\/product\/excursion-privee-dune-journee\/"},"modified":"2024-06-13T08:18:49","modified_gmt":"2024-06-13T06:18:49","slug":"excursion-privee-dune-journee","status":"publish","type":"product","link":"https:\/\/staging.jasondailycruises.gr\/fr\/produit\/excursion-privee-dune-journee\/","title":{"rendered":"Excursion priv\u00e9e d\u2019une journ\u00e9e"},"content":{"rendered":"<p><span style=\"font-weight: 400;\">F\u00eate priv\u00e9e en bateau \u00e0 Naxos : une exp\u00e9rience dont vous vous souviendrez longtemps. Notre bateau est id\u00e9al pour tout type d\u2019\u00e9v\u00e9nement, des f\u00eates d\u2019anniversaire et des anniversaires sp\u00e9ciaux aux enterrements de vie de gar\u00e7on et aux c\u00e9l\u00e9brations romantiques. Quelle que soit l\u2019occasion qui vous int\u00e9resse, notre personnel amical et notre \u00e9quipage exp\u00e9riment\u00e9 r\u00e9pondront \u00e0 tous vos besoins. En organisant un \u00e9v\u00e9nement priv\u00e9 avec nous, vous pouvez offrir \u00e0 vos invit\u00e9s tout type d\u2019animation que vous souhaitez, d\u00e9corer le bateau selon le th\u00e8me de l\u2019\u00e9v\u00e9nement, obtenir le traiteur de votre choix, etc. Nous serons aussi flexibles que vous le souhaitez pour planifier votre f\u00eate \u00e0 votre fa\u00e7on.<\/span><\/p>\n<p><span style=\"font-weight: 400;\">Vous pouvez choisir votre destination (Naxos, Paros, Antiparos, Mykonos et Koufonisia) et votre heure de d\u00e9part.<\/span><\/p>\n<p><span style=\"font-weight: 400;\">Dur\u00e9e : 8 heures<\/span><\/p>\n","protected":false},"excerpt":{"rendered":"<p>Bachelor \u2013 Anniversaire | Se r\u00e9unir avec des amis, etc.<\/p>\n","protected":false},"featured_media":12897,"template":"","meta":{"_acf_changed":false,"site-sidebar-layout":"default","site-content-layout":"default","ast-site-content-layout":"default","site-content-style":"default","site-sidebar-style":"default","ast-global-header-display":"","ast-banner-title-visibility":"","ast-main-header-display":"","ast-hfb-above-header-display":"","ast-hfb-below-header-display":"","ast-hfb-mobile-header-display":"","site-post-title":"","ast-breadcrumbs-content":"","ast-featured-img":"","footer-sml-layout":"","ast-disable-related-posts":"","theme-transparent-header-meta":"default","adv-header-id-meta":"","stick-header-meta":"","header-above-stick-meta":"","header-main-stick-meta":"","header-below-stick-meta":"","astra-migrate-meta-layouts":"default","ast-page-background-enabled":"default","ast-page-background-meta":{"desktop":{"background-color":"var(--ast-global-color-4)","background-image":"","background-repeat":"repeat","background-position":"center center","background-size":"auto","background-attachment":"scroll","background-type":"","background-media":"","overlay-type":"","overlay-color":"","overlay-opacity":"","overlay-gradient":""},"tablet":{"background-color":"","background-image":"","background-repeat":"repeat","background-position":"center center","background-size":"auto","background-attachment":"scroll","background-type":"","background-media":"","overlay-type":"","overlay-color":"","overlay-opacity":"","overlay-gradient":""},"mobile":{"background-color":"","background-image":"","background-repeat":"repeat","background-position":"center center","background-size":"auto","background-attachment":"scroll","background-type":"","background-media":"","overlay-type":"","overlay-color":"","overlay-opacity":"","overlay-gradient":""}},"ast-content-background-meta":{"desktop":{"background-color":"var(--ast-global-color-5)","background-image":"","background-repeat":"repeat","background-position":"center center","background-size":"auto","background-attachment":"scroll","background-type":"","background-media":"","overlay-type":"","overlay-color":"","overlay-opacity":"","overlay-gradient":""},"tablet":{"background-color":"var(--ast-global-color-5)","background-image":"","background-repeat":"repeat","background-position":"center center","background-size":"auto","background-attachment":"scroll","background-type":"","background-media":"","overlay-type":"","overlay-color":"","overlay-opacity":"","overlay-gradient":""},"mobile":{"background-color":"var(--ast-global-color-5)","background-image":"","background-repeat":"repeat","background-position":"center center","background-size":"auto","background-attachment":"scroll","background-type":"","background-media":"","overlay-type":"","overlay-color":"","overlay-opacity":"","overlay-gradient":""}}},"product_brand":[],"product_cat":[118],"product_tag":[121],"class_list":{"0":"post-12896","1":"product","2":"type-product","3":"status-publish","4":"has-post-thumbnail","6":"product_cat-croisieres","7":"product_tag-forma-fr","8":"desktop-align-left","9":"tablet-align-left","10":"mobile-align-left","12":"first","13":"instock","14":"shipping-taxable","15":"product-type-simple"},"acf":[],"_links":{"self":[{"href":"https:\/\/staging.jasondailycruises.gr\/fr\/wp-json\/wp\/v2\/product\/12896","targetHints":{"allow":["GET"]}}],"collection":[{"href":"https:\/\/staging.jasondailycruises.gr\/fr\/wp-json\/wp\/v2\/product"}],"about":[{"href":"https:\/\/staging.jasondailycruises.gr\/fr\/wp-json\/wp\/v2\/types\/product"}],"version-history":[{"count":0,"href":"https:\/\/staging.jasondailycruises.gr\/fr\/wp-json\/wp\/v2\/product\/12896\/revisions"}],"wp:featuredmedia":[{"embeddable":true,"href":"https:\/\/staging.jasondailycruises.gr\/fr\/wp-json\/wp\/v2\/media\/12897"}],"wp:attachment":[{"href":"https:\/\/staging.jasondailycruises.gr\/fr\/wp-json\/wp\/v2\/media?parent=12896"}],"wp:term":[{"taxonomy":"product_brand","embeddable":true,"href":"https:\/\/staging.jasondailycruises.gr\/fr\/wp-json\/wp\/v2\/product_brand?post=12896"},{"taxonomy":"product_cat","embeddable":true,"href":"https:\/\/staging.jasondailycruises.gr\/fr\/wp-json\/wp\/v2\/product_cat?post=12896"},{"taxonomy":"product_tag","embeddable":true,"href":"https:\/\/staging.jasondailycruises.gr\/fr\/wp-json\/wp\/v2\/product_tag?post=12896"}],"curies":[{"name":"wp","href":"https:\/\/api.w.org\/{rel}","templated":true}]}}