{"id":12861,"date":"2022-02-16T13:11:20","date_gmt":"2022-02-16T11:11:20","guid":{"rendered":"https:\/\/jasondailycruises.gr\/politique-de-confidentialite\/"},"modified":"2024-05-19T18:08:40","modified_gmt":"2024-05-19T16:08:40","slug":"politique-de-confidentialite","status":"publish","type":"page","link":"https:\/\/staging.jasondailycruises.gr\/fr\/politique-de-confidentialite\/","title":{"rendered":"Politique de confidentialit\u00e9"},"content":{"rendered":"\n<p><strong> La \u00ab\u00a0COMPAGNIE MARITIME CYCLADIQUE ANTIPAROS\u00a0\u00bb<\/strong> informe que, dans le but d\u2019exercer ses activit\u00e9s commerciales, elle traite les donn\u00e9es personnelles de ses clients et visiteurs de son site web et\/ou de ses comptes officiels de m\u00e9dias sociaux. Le traitement est toujours effectu\u00e9 conform\u00e9ment \u00e0 la l\u00e9gislation nationale applicable et au r\u00e8glement europ\u00e9en 2016\/679 relatif \u00e0 la protection des personnes physiques \u00e0 l\u2019\u00e9gard du traitement des donn\u00e9es \u00e0 caract\u00e8re personnel et \u00e0 la libre circulation de ces donn\u00e9es (r\u00e8glement g\u00e9n\u00e9ral sur la protection des donn\u00e9es, ci-apr\u00e8s d\u00e9nomm\u00e9 \u00ab RGPD \u00bb) tel qu\u2019en vigueur.<\/p>\n\n<p>Le RGPD est le nouveau cadre r\u00e9glementaire de l\u2019Union europ\u00e9enne (UE) dans le domaine des donn\u00e9es personnelles. La loi a pour objet d\u2019\u00e9dicter les conditions de traitement des donn\u00e9es \u00e0 caract\u00e8re personnel afin de prot\u00e9ger les droits et libert\u00e9s des personnes physiques, notamment le droit \u00e0 la protection des donn\u00e9es \u00e0 caract\u00e8re personnel.<\/p>\n\n<p>Pour toute question concernant le traitement des donn\u00e9es personnelles, vous pouvez nous contacter au<strong> 6942444421<\/strong> et dans le formulaire de contact de notre site web.<\/p>\n\n<p><strong><em>Quelles cat\u00e9gories de donn\u00e9es personnelles traitons-nous ?<\/em><\/strong><\/p>\n\n<p>Nous traitons toutes les donn\u00e9es personnelles que vous nous fournissez, c\u2019est-\u00e0-dire le nom, l\u2019adresse postale, la poste. Code, \u00c9tat, Ville, R\u00e9gion, Pays, Fixe et votre adresse e-mail, num\u00e9ro de TVA, bureau des imp\u00f4ts, profession. Le traitement n\u2019a lieu que lorsque nous avons une raison l\u00e9gitime de le faire.  <\/p>\n\n<p><strong><em>Quelles sont les bases juridiques du traitement de vos donn\u00e9es personnelles ?<\/em><\/strong><\/p>\n\n<p>Les raisons juridiques du traitement de vos informations personnelles sont les suivantes : <\/p>\n\n<p>(a) la fourniture des services que vous nous demandez et que vous souhaitez recevoir de notre part, et par cons\u00e9quent l\u2019ex\u00e9cution de nos obligations contractuelles dans ce contexte.<\/p>\n\n<p>b) le respect d\u2019une obligation l\u00e9gale, telle que la conformit\u00e9 r\u00e9glementaire \u00e0 des fins fiscales.<\/p>\n\n<p>(c) le consentement que vous donnez dans les conditions sp\u00e9cifiques fix\u00e9es par le cadre juridique, afin de recevoir des mises \u00e0 jour sur les services, les offres, etc. par la <strong>\u00ab\u00a0CYCLADIC ANTIPAROS SHIPPING COMPANY\u00a0\u00bb<\/strong> ou des soci\u00e9t\u00e9s tierces coop\u00e9rantes, qui traitent les donn\u00e9es personnelles conform\u00e9ment au cadre applicable.  <\/p>\n\n<p><strong><em>D\u00c9CLARATION D\u2019\u00c2GE<\/em><\/strong><\/p>\n\n<p>En donnant votre consentement, vous d\u00e9clarez de mani\u00e8re responsable que vous avez plus de 16 ans. Si vous avez moins de 16 ans, vous ne pouvez utiliser notre site Web qu\u2019avec la participation et l\u2019approbation d\u2019un parent ou d\u2019un tuteur.<\/p>\n\n<p><strong><em>COMMENT ET POURQUOI UTILISONS-NOUS VOS DONN\u00c9ES PERSONNELLES ?<\/em><\/strong><\/p>\n\n<p> \u2022 Envoi d\u2019informations et de mat\u00e9riel publicitaire \/ Nouvelles de l\u2019entreprise<\/p>\n\n<p>Lors de votre visite sur notre site web,<strong> <\/strong><a href=\"http:\/\/jasodailycruises.gr\" target=\"_blank\" rel=\"noopener\"><strong>https:\/\/jasodailycruises.gr<\/strong><\/a>, vous avez la possibilit\u00e9 de remplir un formulaire de contact, en fournissant votre adresse e-mail afin de vous abonner \u00e0 notre newsletter.<\/p>\n\n<p>Les donn\u00e9es collect\u00e9es sur notre site web peuvent \u00eatre utilis\u00e9es pour vous contacter \u00e0 des fins promotionnelles et publicitaires, pour vous informer sur des offres susceptibles de vous int\u00e9resser par courrier \u00e9lectronique, \u00e0 condition que vous ayez donn\u00e9 votre consentement, sous r\u00e9serve des conditions sp\u00e9cifiques fix\u00e9es par le cadre l\u00e9gal. <\/p>\n\n<p> \u2022 Promotion personnalis\u00e9e<\/p>\n\n<p>Dans le cadre de son int\u00e9r\u00eat l\u00e9gitime  <strong>\u00ab\u00a0COMPAGNIE MARITIME CYCLADIQUE D\u2019ANTIPAROS\u00a0\u00bb  <\/strong>cr\u00e9er un int\u00e9r\u00eat d\u2019achat pour ses services, nous pouvons traiter les informations publi\u00e9es en ligne dans les moteurs de recherche et les applications de m\u00e9dias sociaux (Google, LinkedIn, Facebook, Twitter, Instagram, Youtube) afin de cr\u00e9er une promotion et des informations personnalis\u00e9es au client potentiel par t\u00e9l\u00e9phone et \/ ou par e-mail \u00e0 des fins commerciales ci-dessus. La base juridique est la publication volontaire de vos informations dans les moteurs de recherche et votre abonnement aux services de m\u00e9dias sociaux o\u00f9 ils sont obtenus comme consentement explicite \u00e0 la publication d\u2019informations en fonction des param\u00e8tres des applications que vous g\u00e9rez.<\/p>\n\n<p>Les bases juridiques du traitement susmentionn\u00e9 sont \u00e0 la fois l\u2019ex\u00e9cution de nos obligations contractuelles (2016\/679 article 6 paragraphe 1b) et l\u2019int\u00e9r\u00eat juridique de notre soci\u00e9t\u00e9 (2016\/679 article 6 paragraphe 1f).<\/p>\n\n<p> \u2022 Export des statistiques <\/p>\n\n<p>Il est possible que vos donn\u00e9es personnelles soient utilis\u00e9es dans Google <\/p>\n\n<p>Analytics. Google Analytics a pour objectif de capter le trafic web de notre site et d\u2019exporter des statistiques utiles pour notre liste de clients.<\/p>\n\n<p>\u2022 Enqu\u00eate de satisfaction client &#8211; Avis &#8211; Notes<\/p>\n\n<p>Les donn\u00e9es que nous collectons sur notre site web sont utilis\u00e9es pour votre participation \u00e0 une enqu\u00eate de satisfaction client, si vous avez donn\u00e9 votre consentement, dans les conditions sp\u00e9cifiques fix\u00e9es par le cadre l\u00e9gal. L\u2019enqu\u00eate de satisfaction client est aujourd\u2019hui r\u00e9alis\u00e9e par le biais d\u2019une \u00e9valuation, d\u2019un avis ou d\u2019un e-mail pour l\u2019un de ses services<strong> <\/strong><a href=\"http:\/\/jasodailycruises.gr\" target=\"_blank\" rel=\"noopener\"><strong>https:\/\/jasodailycruises.gr<\/strong><\/a><strong> <\/strong>et il est n\u00e9cessaire de tenir un compte.<\/p>\n\n<p>Si un avis contient un contenu abusif, des commentaires offensants, des renseignements personnels, une publicit\u00e9 n\u00e9gative, etc., le<strong> <\/strong><a href=\"http:\/\/jasodailycruises.gr\" target=\"_blank\" rel=\"noopener\"><strong>https:\/\/jasodailycruises.gr<\/strong><\/a><strong> <\/strong>se r\u00e9serve le droit de refuser sa publication. Les avis et commentaires des utilisateurs sont des opinions personnelles et des opinions des utilisateurs eux-m\u00eames et ne refl\u00e8tent pas n\u00e9cessairement les points de vue de <a href=\"http:\/\/jasodailycruises.gr\" target=\"_blank\" rel=\"noopener\">\n  <strong>https:\/\/jasodailycruises.gr<\/strong>\n<\/a>, qui ne peuvent en aucun cas \u00eatre tenus responsables de l\u2019une de ces opinions.  <\/p>\n\n<p>\u2022Profilage<\/p>\n\n<p>Afin de vous offrir la meilleure exp\u00e9rience possible, les donn\u00e9es personnelles collect\u00e9es sur notre site peuvent \u00eatre utilis\u00e9es pour envoyer des mises \u00e0 jour personnalis\u00e9es, sous r\u00e9serve que vous ayez donn\u00e9 votre consentement, sous r\u00e9serve des conditions sp\u00e9cifiques \u00e9nonc\u00e9es dans le cadre l\u00e9gal. La personnalisation en fonction de vos besoins et pr\u00e9f\u00e9rences (profilage) est bas\u00e9e sur les donn\u00e9es que nous tirons de vos donn\u00e9es personnelles, telles que la profession, la zone de r\u00e9sidence, etc.<\/p>\n\n<p><strong><em>O\u00d9 VOS DONN\u00c9ES SONT-ELLES PARTAG\u00c9ES ?  <\/em><\/strong><\/p>\n\n<p><strong>La \u00ab\u00a0SOCI\u00c9T\u00c9 DE TRANSPORT CYCLADIQUE ANTIPAROS\u00a0\u00bb<\/strong> transmet les donn\u00e9es personnelles fournies par les personnes physiques \u00e0 des soci\u00e9t\u00e9s tierces, qui offrent des services d\u2019automatisation dans le but d\u2019envoyer des e-mails en masse.<\/p>\n\n<p>De m\u00eame, ces donn\u00e9es sont accessibles aux soci\u00e9t\u00e9s de support des syst\u00e8mes d\u2019information et de marketing du site web, o\u00f9 la<strong> \u00ab\u00a0SOCI\u00c9T\u00c9 DE TRANSPORT MARITIME CYCLADIQUE ANTIPAROS\u00a0\u00bb <\/strong>assure leur protection avec des conditions de confidentialit\u00e9 strictes et un contr\u00f4le continu des mesures appropri\u00e9es et organisationnelles prises par ces soci\u00e9t\u00e9s.<\/p>\n\n<p>Enfin, les donn\u00e9es sont transf\u00e9r\u00e9es lors de l\u2019ex\u00e9cution du paiement aux prestataires de paiement. De notre c\u00f4t\u00e9, nous utilisons des syst\u00e8mes de haute s\u00e9curit\u00e9 pour emp\u00eacher les fuites de donn\u00e9es provenant de syst\u00e8mes malveillants.<\/p>\n\n<p><strong><em>DUR\u00c9E DE CONSERVATION<\/em><\/strong><\/p>\n\n<p>La dur\u00e9e de conservation des donn\u00e9es est d\u00e9cid\u00e9e sur la base des crit\u00e8res sp\u00e9cifiques suivants, le cas \u00e9ch\u00e9ant : <\/p>\n\n<p>Lorsque le traitement est requis en vertu des dispositions du cadre juridique applicable, vos donn\u00e9es personnelles seront conserv\u00e9es aussi longtemps que l\u2019exigent les dispositions pertinentes.<\/p>\n\n<p>Lorsque le traitement est effectu\u00e9 sur une base contractuelle, vos donn\u00e9es personnelles seront conserv\u00e9es aussi longtemps que n\u00e9cessaire \u00e0 l\u2019ex\u00e9cution du contrat et \u00e0 la formation, \u00e0 l\u2019exercice et\/ou au soutien de droits l\u00e9gaux en vertu du contrat.<\/p>\n\n<p>\u00c0 des fins de marketing, vos donn\u00e9es personnelles sont conserv\u00e9es jusqu\u2019\u00e0 ce que votre consentement soit retir\u00e9. Vous pouvez le faire \u00e0 tout moment. Le retrait du consentement n\u2019affecte pas la l\u00e9galit\u00e9 du traitement fond\u00e9 sur le consentement au cours de la p\u00e9riode pr\u00e9c\u00e9dant sa r\u00e9vocation.<\/p>\n\n<p>Pour retirer votre consentement, vous pouvez nous contacter au <strong>6942444421<\/strong> ou dans le formulaire de contact de notre site web.<\/p>\n\n<p><strong><em>S\u00c9CURIT\u00c9 DES DONN\u00c9ES PERSONNELLES<\/em><\/strong><\/p>\n\n<p><strong>La \u00ab SOCI\u00c9T\u00c9 DE TRANSPORT MARITIME CYCLADIQUE ANTIPAROS \u00bb<\/strong> met en \u0153uvre des mesures techniques et organisationnelles appropri\u00e9es visant \u00e0 assurer le traitement s\u00fbr des donn\u00e9es personnelles et \u00e0 pr\u00e9venir la perte ou la destruction accidentelle et l\u2019acc\u00e8s, l\u2019utilisation, la modification ou la divulgation non autoris\u00e9s et\/ou ill\u00e9gaux. Dans tous les cas, le fonctionnement d\u2019Internet et le fait qu\u2019il soit gratuit pour tous ne permettent pas de garantir que des tiers non autoris\u00e9s ne pourront jamais violer les mesures techniques et organisationnelles applicables, en acc\u00e9dant et \u00e9ventuellement en utilisant les donn\u00e9es personnelles \u00e0 des fins non autoris\u00e9es et\/ou ill\u00e9gales.  <\/p>\n\n<p>Quels sont vos droits en ce qui concerne vos donn\u00e9es personnelles ?<\/p>\n\n<p>Toute personne physique dont les donn\u00e9es sont trait\u00e9es par la <strong>\u00ab COMPAGNIE MARITIME CYCLADIQUE ANTIPAROS \u00bb<\/strong> b\u00e9n\u00e9ficie des droits suivants : <\/p>\n\n<p>Droit d\u2019acc\u00e8s :<\/p>\n\n<p>Vous avez le droit d\u2019\u00eatre inform\u00e9 et de v\u00e9rifier la l\u00e9gitimit\u00e9 du traitement. Vous avez donc le droit d\u2019acc\u00e9der aux donn\u00e9es et d\u2019obtenir des informations suppl\u00e9mentaires sur la mani\u00e8re de les traiter. <\/p>\n\n<p>Droit de modification :<\/p>\n\n<p>Vous avez le droit d\u2019examiner, de corriger, de mettre \u00e0 jour ou de modifier vos donn\u00e9es personnelles.<\/p>\n\n<p>Droit \u00e0 l\u2019effacement :<\/p>\n\n<p>Vous avez le droit de demander la suppression de vos donn\u00e9es personnelles lorsque nous les traitons avec votre consentement ou afin de prot\u00e9ger nos int\u00e9r\u00eats l\u00e9gitimes. Dans tous les autres cas (comme, par exemple, lorsqu\u2019il existe un contrat, l\u2019obligation de traiter des donn\u00e9es personnelles requise par la loi, l\u2019int\u00e9r\u00eat public), ce droit est soumis \u00e0 des restrictions sp\u00e9cifiques ou n\u2019existe pas selon le cas. <\/p>\n\n<p>Droit \u00e0 la limitation du traitement :<\/p>\n\n<p>Vous avez le droit de demander la limitation du traitement de vos donn\u00e9es personnelles dans les cas suivants : (a) lorsque vous contestez l\u2019exactitude des donn\u00e9es personnelles et jusqu\u2019\u00e0 ce qu\u2019elles soient v\u00e9rifi\u00e9es, (b) lorsque vous vous opposez \u00e0 la suppression des donn\u00e9es personnelles et demandez au lieu de la suppression la limitation de leur utilisation, (c) lorsque les donn\u00e9es personnelles ne sont pas n\u00e9cessaires aux fins du traitement, mais sont n\u00e9cessaires \u00e0 votre fondation,  exercice, soutien de r\u00e9clamations l\u00e9gales, et (d) lorsque vous vous opposez au traitement et jusqu\u2019\u00e0 ce qu\u2019il soit v\u00e9rifi\u00e9 qu\u2019il existe des raisons l\u00e9gitimes qui nous concernent et pr\u00e9valent sur les raisons pour lesquelles vous vous opposez au traitement.<\/p>\n\n<p>Droit d\u2019opposition au traitement : <\/p>\n\n<p>Vous avez le droit de vous opposer \u00e0 tout moment au traitement de vos donn\u00e9es personnelles lorsque, comme d\u00e9crit ci-dessus, cela est n\u00e9cessaire aux fins des int\u00e9r\u00eats l\u00e9gitimes que nous recherchons en tant que sous-traitants, ainsi que pour le traitement \u00e0 des fins de marketing direct et de formation au profil des consommateurs.<\/p>\n\n<p>Droit \u00e0 la portabilit\u00e9 : <\/p>\n\n<p>Vous avez le droit de recevoir gratuitement vos donn\u00e9es personnelles dans un format qui vous permet d\u2019y acc\u00e9der, de les utiliser et de les modifier avec les m\u00e9thodes d\u2019\u00e9dition couramment utilis\u00e9es. Vous avez \u00e9galement le droit de nous demander, si cela est techniquement possible, de transmettre les donn\u00e9es directement \u00e0 un autre sous-traitant. Votre droit de le faire existe pour les donn\u00e9es que vous nous avez fournies et sont trait\u00e9es par des moyens automatis\u00e9s sur la base de votre consentement ou de l\u2019ex\u00e9cution d\u2019un contrat correspondant.<\/p>\n\n<p>Droit de retirer son consentement : <\/p>\n\n<p>Enfin, <strong>la \u00ab\u00a0SOCI\u00c9T\u00c9 DE TRANSPORT CYCLADIQUE ANTIPAROS\u00a0\u00bb <\/strong>vous informe que lorsque le traitement est bas\u00e9 sur votre consentement, vous avez le droit de le r\u00e9voquer librement, sans affecter la lic\u00e9it\u00e9 du traitement bas\u00e9 sur votre consentement, avant de le r\u00e9voquer.  <\/p>\n\n<p>Pour exercer les droits ci-dessus, veuillez nous contacter <strong>au 6942444421 ou au<\/strong> formulaire de contact sur notre site web.<\/p>\n\n<p><strong><em>COOKIES<\/em><\/strong><\/p>\n\n<p>Le site web de <strong>\u00ab\u00a0CYCLADIC ANTIPAROS SHIPPING COMPANY\u00a0\u00bb <\/strong>utilise des cookies car sans eux, ils seraient  <\/p>\n\n<p>possible d\u2019offrir certains de ses services de base. <\/p>\n\n<p>Les cookies ne causent pas de dommages aux ordinateurs des utilisateurs ou aux fichiers qui y sont stock\u00e9s, et sont automatiquement supprim\u00e9s sur chaque site.<\/p>\n\n<p>En savoir plus sur les cookies dans <a href=\"http:\/\/www.cookiecentral.com\" target=\"_blank\" rel=\"noopener\">www.cookiecentral.com<\/a>.  <\/p>\n\n<p><strong><em>PLAINTE AUPR\u00c8S DE L\u2019AUTORIT\u00c9 HELL\u00c9NIQUE DE PROTECTION DES DONN\u00c9ES  <\/em><\/strong><\/p>\n\n<p>Vous avez le droit de d\u00e9poser une plainte aupr\u00e8s de l\u2019Autorit\u00e9 hell\u00e9nique de protection des donn\u00e9es (<a href=\"http:\/\/www.dpa.gr\" target=\"_blank\" rel=\"noopener\">www.dpa.gr<\/a>) : Centre d\u2019appels : +30 210 6475600, Fax : +30 210 6475628, E-mail : <a href=\"mailto:contact@dpa.gr\">contact@dpa.gr<\/a>.<\/p>\n","protected":false},"excerpt":{"rendered":"<p>La \u00ab\u00a0COMPAGNIE MARITIME CYCLADIQUE ANTIPAROS\u00a0\u00bb informe que, dans le but d\u2019exercer ses activit\u00e9s commerciales, elle traite les donn\u00e9es personnelles de ses clients et visiteurs de son site web et\/ou de ses comptes officiels de m\u00e9dias sociaux. Le traitement est toujours effectu\u00e9 conform\u00e9ment \u00e0 la l\u00e9gislation nationale applicable et au r\u00e8glement europ\u00e9en 2016\/679 relatif \u00e0 la [&hellip;]<\/p>\n","protected":false},"author":1,"featured_media":0,"parent":0,"menu_order":0,"comment_status":"closed","ping_status":"open","template":"","meta":{"_acf_changed":false,"site-sidebar-layout":"default","site-content-layout":"","ast-site-content-layout":"default","site-content-style":"default","site-sidebar-style":"default","ast-global-header-display":"","ast-banner-title-visibility":"","ast-main-header-display":"","ast-hfb-above-header-display":"","ast-hfb-below-header-display":"","ast-hfb-mobile-header-display":"","site-post-title":"","ast-breadcrumbs-content":"","ast-featured-img":"","footer-sml-layout":"","ast-disable-related-posts":"","theme-transparent-header-meta":"default","adv-header-id-meta":"","stick-header-meta":"","header-above-stick-meta":"","header-main-stick-meta":"","header-below-stick-meta":"","astra-migrate-meta-layouts":"default","ast-page-background-enabled":"default","ast-page-background-meta":{"desktop":{"background-color":"var(--ast-global-color-4)","background-image":"","background-repeat":"repeat","background-position":"center center","background-size":"auto","background-attachment":"scroll","background-type":"","background-media":"","overlay-type":"","overlay-color":"","overlay-opacity":"","overlay-gradient":""},"tablet":{"background-color":"","background-image":"","background-repeat":"repeat","background-position":"center center","background-size":"auto","background-attachment":"scroll","background-type":"","background-media":"","overlay-type":"","overlay-color":"","overlay-opacity":"","overlay-gradient":""},"mobile":{"background-color":"","background-image":"","background-repeat":"repeat","background-position":"center center","background-size":"auto","background-attachment":"scroll","background-type":"","background-media":"","overlay-type":"","overlay-color":"","overlay-opacity":"","overlay-gradient":""}},"ast-content-background-meta":{"desktop":{"background-color":"var(--ast-global-color-5)","background-image":"","background-repeat":"repeat","background-position":"center center","background-size":"auto","background-attachment":"scroll","background-type":"","background-media":"","overlay-type":"","overlay-color":"","overlay-opacity":"","overlay-gradient":""},"tablet":{"background-color":"var(--ast-global-color-5)","background-image":"","background-repeat":"repeat","background-position":"center center","background-size":"auto","background-attachment":"scroll","background-type":"","background-media":"","overlay-type":"","overlay-color":"","overlay-opacity":"","overlay-gradient":""},"mobile":{"background-color":"var(--ast-global-color-5)","background-image":"","background-repeat":"repeat","background-position":"center center","background-size":"auto","background-attachment":"scroll","background-type":"","background-media":"","overlay-type":"","overlay-color":"","overlay-opacity":"","overlay-gradient":""}},"footnotes":""},"class_list":["post-12861","page","type-page","status-publish","hentry"],"acf":[],"_links":{"self":[{"href":"https:\/\/staging.jasondailycruises.gr\/fr\/wp-json\/wp\/v2\/pages\/12861","targetHints":{"allow":["GET"]}}],"collection":[{"href":"https:\/\/staging.jasondailycruises.gr\/fr\/wp-json\/wp\/v2\/pages"}],"about":[{"href":"https:\/\/staging.jasondailycruises.gr\/fr\/wp-json\/wp\/v2\/types\/page"}],"author":[{"embeddable":true,"href":"https:\/\/staging.jasondailycruises.gr\/fr\/wp-json\/wp\/v2\/users\/1"}],"replies":[{"embeddable":true,"href":"https:\/\/staging.jasondailycruises.gr\/fr\/wp-json\/wp\/v2\/comments?post=12861"}],"version-history":[{"count":0,"href":"https:\/\/staging.jasondailycruises.gr\/fr\/wp-json\/wp\/v2\/pages\/12861\/revisions"}],"wp:attachment":[{"href":"https:\/\/staging.jasondailycruises.gr\/fr\/wp-json\/wp\/v2\/media?parent=12861"}],"curies":[{"name":"wp","href":"https:\/\/api.w.org\/{rel}","templated":true}]}}